{"id":47,"date":"2024-01-12T12:32:34","date_gmt":"2024-01-12T12:32:34","guid":{"rendered":"https:\/\/utb-cert.de\/?page_id=47"},"modified":"2025-02-04T12:40:50","modified_gmt":"2025-02-04T12:40:50","slug":"altfahrzeug","status":"publish","type":"page","link":"https:\/\/www.utb-cert.de\/?page_id=47","title":{"rendered":"Altfahrzeug"},"content":{"rendered":"<p>Mit der Verordnung \u00fcber die Entsorgung von Altautos wurde im Jahr 1997 die Entsorgung von Altfahrzeugen neu geregelt. Die betroffenen Wirtschaftsverb\u00e4nde hatten 1996 mit einer freiwilligen Selbstverpflichtung einheitliche Bedingungen f\u00fcr eine Entsorgung von Altautos festgelegt.<\/p>\n<p>Die Altfahrzeug-Verordnung verpflichtet die Hersteller von Fahrzeugen, f\u00fcr jeden in Verkehr gebrachten Fahrzeugtyp den anerkannten Demontagebetrieben die erforderlichen Informationen zur Demontage, Lagerung und Pr\u00fcfung von wiederverwendbaren Teilen zur Verf\u00fcgung zu stellen. Um eine Widerverwendung oder Verwertung von Bauteilen und Werkstoffen zu erleichtern, haben Hersteller sowie Werkstoff- und Zulieferindustrie Kennzeichnungsnormen zu verwenden.<\/p>\n<p>F\u00fcr die Verwertung werden verbindliche Quoten vorgeschrieben.<\/p>\n<p>Eigent\u00fcmer bzw. Letzthalter von Altfahrzeugen sind verpflichtet, ihr Fahrzeug entweder einer anerkannten Annahmestelle, einer anerkannten R\u00fccknahmestelle oder einem anerkannten Demontagebetrieb zu \u00fcberlassen. Gleichgestellt mit dem Letzthalter sind die \u00f6ffentlich-rechtlichen Entsorgungstr\u00e4ger, in den F\u00e4llen, in denen weder Halter noch Eigent\u00fcmer der Fahrzeuge festgestellt werden k\u00f6nnen.<\/p>\n<\/p>\n\n\n<figure class=\"wp-block-gallery has-nested-images columns-default is-cropped wp-block-gallery-1 is-layout-flex wp-block-gallery-is-layout-flex\">\n<figure class=\"wp-block-image size-large\"><img loading=\"lazy\" decoding=\"async\" width=\"595\" height=\"470\" data-id=\"51\" src=\"https:\/\/utb-cert.de\/wp-content\/uploads\/2024\/01\/AltautoV1.jpg\" alt=\"\" class=\"wp-image-51\" srcset=\"https:\/\/www.utb-cert.de\/wp-content\/uploads\/2024\/01\/AltautoV1.jpg 595w, https:\/\/www.utb-cert.de\/wp-content\/uploads\/2024\/01\/AltautoV1-300x237.jpg 300w\" sizes=\"auto, (max-width: 595px) 100vw, 595px\" \/><\/figure>\n<\/figure>\n\n\n\n<div class=\"wp-block-buttons is-layout-flex wp-block-buttons-is-layout-flex\">\n<div class=\"wp-block-button\"><a class=\"wp-block-button__link has-black-color has-vivid-green-cyan-background-color has-text-color has-background has-link-color wp-element-button\" href=\"https:\/\/www.gesetze-im-internet.de\/altautov\/AltfahrzeugV.pdf\" target=\"_blank\" rel=\"noreferrer noopener\">Altfahrzeugverordnung &#8211; AltfahrzeugV<\/a><\/div>\n\n\n\n<div class=\"wp-block-button\"><a class=\"wp-block-button__link has-black-color has-vivid-green-cyan-background-color has-text-color has-background has-link-color wp-element-button\" href=\"https:\/\/utb-cert.de\/wp-content\/uploads\/2024\/01\/Voraussetzungen-fuer-anerkannte-Altfahrzeugannahmestellen.pdf\" target=\"_blank\" rel=\"noreferrer noopener\">Voraussetzungen f\u00fcr anerkannte Altfahrzeugannahmestellen<\/a><\/div>\n\n\n\n<div class=\"wp-block-button\"><a class=\"wp-block-button__link has-black-color has-vivid-green-cyan-background-color has-text-color has-background has-link-color wp-element-button\" href=\"https:\/\/utb-cert.de\/wp-content\/uploads\/2024\/01\/Voraussetzungen-fuer-anerkannte-Altfahrzeugdemontagebetriebe.pdf\" target=\"_blank\" rel=\"noreferrer noopener\">Voraussetzungen f\u00fcr anerkannte Altfahrzeugdemontagebetriebe<\/a><\/div>\n\n\n\n<div class=\"wp-block-button\"><a class=\"wp-block-button__link has-black-color has-vivid-green-cyan-background-color has-text-color has-background has-link-color wp-element-button\" href=\"https:\/\/utb-cert.de\/wp-content\/uploads\/2024\/01\/Voraussetzungen-fuer-anerkannte-Schredderanlagen.pdf\" target=\"_blank\" rel=\"noreferrer noopener\">Voraussetzungen f\u00fcr anerkannte Schredderanlagen<\/a><\/div>\n<\/div>\n","protected":false},"excerpt":{"rendered":"<p>Mit der Verordnung \u00fcber die Entsorgung von Altautos wurde im Jahr 1997 die Entsorgung von Altfahrzeugen neu geregelt. Die betroffenen Wirtschaftsverb\u00e4nde hatten 1996 mit einer freiwilligen Selbstverpflichtung einheitliche Bedingungen f\u00fcr eine Entsorgung von Altautos festgelegt. Die Altfahrzeug-Verordnung verpflichtet die Hersteller von Fahrzeugen, f\u00fcr jeden in Verkehr gebrachten Fahrzeugtyp den anerkannten Demontagebetrieben die erforderlichen Informationen zur Demontage, Lagerung und Pr\u00fcfung von [&hellip;]<\/p>\n","protected":false},"author":2,"featured_media":0,"parent":0,"menu_order":2,"comment_status":"closed","ping_status":"closed","template":"","meta":{"footnotes":""},"class_list":["post-47","page","type-page","status-publish","hentry","post"],"_links":{"self":[{"href":"https:\/\/www.utb-cert.de\/index.php?rest_route=\/wp\/v2\/pages\/47","targetHints":{"allow":["GET"]}}],"collection":[{"href":"https:\/\/www.utb-cert.de\/index.php?rest_route=\/wp\/v2\/pages"}],"about":[{"href":"https:\/\/www.utb-cert.de\/index.php?rest_route=\/wp\/v2\/types\/page"}],"author":[{"embeddable":true,"href":"https:\/\/www.utb-cert.de\/index.php?rest_route=\/wp\/v2\/users\/2"}],"replies":[{"embeddable":true,"href":"https:\/\/www.utb-cert.de\/index.php?rest_route=%2Fwp%2Fv2%2Fcomments&post=47"}],"version-history":[{"count":4,"href":"https:\/\/www.utb-cert.de\/index.php?rest_route=\/wp\/v2\/pages\/47\/revisions"}],"predecessor-version":[{"id":59,"href":"https:\/\/www.utb-cert.de\/index.php?rest_route=\/wp\/v2\/pages\/47\/revisions\/59"}],"wp:attachment":[{"href":"https:\/\/www.utb-cert.de\/index.php?rest_route=%2Fwp%2Fv2%2Fmedia&parent=47"}],"curies":[{"name":"wp","href":"https:\/\/api.w.org\/{rel}","templated":true}]}}